{"id":145,"date":"2020-05-29T22:51:53","date_gmt":"2020-05-29T22:51:53","guid":{"rendered":"https:\/\/www.essentialgastronomy.com\/?page_id=145"},"modified":"2020-06-02T11:36:49","modified_gmt":"2020-06-02T11:36:49","slug":"essential-gastronomy-consultoria-gastronomica-especializada","status":"publish","type":"page","link":"https:\/\/www.essentialgastronomy.com\/","title":{"rendered":"Essential Gastronomy"},"content":{"rendered":"\n<h1 class=\"wp-block-heading\"><strong>Nuestros Servicios<\/strong><\/h1>\n\n\n<p>\u00a0<\/p>\n<ul>\n<li>\n<h3><span style=\"color: #333333;\">An\u00e1lisis, planificaci\u00f3n estrat\u00e9gica e I+D.<\/span><\/h3>\n<\/li>\n<\/ul>\n<p>\u00a0<\/p>\n<ul>\n<li>\n<h3><span style=\"color: #333333;\">Conceptualizaci\u00f3n de negocios y oferta gastron\u00f3mica y Eficiencia.<\/span><\/h3>\n<\/li>\n<\/ul>\n<p>\u00a0<\/p>\n<ul>\n<li>\n<h3><span style=\"color: #333333;\">Gesti\u00f3n Integral Operativa y Administrativa.<\/span><\/h3>\n<\/li>\n<\/ul>\n<p>\u00a0<\/p>\n<ul>\n<li>\n<h3><span style=\"color: #333333;\">Desarrollo de herramientas inform\u00e1ticas y Software de an\u00e1lisis, seguimiento y alcance de objetivos.<\/span><\/h3>\n<\/li>\n<\/ul>\n<p>\u00a0<\/p>\n<ul>\n<li>\n<h3><span style=\"color: #333333;\">Escandallos, fichas t\u00e9cnicas, manuales operativos.<\/span><\/h3>\n<\/li>\n<\/ul>\n<p>\u00a0<\/p>\n<ul>\n<li>\n<h3><span style=\"color: #333333;\">Dashboard, CMI y herramientas a medida.<\/span><\/h3>\n<\/li>\n<\/ul>\n<p>\u00a0<\/p>\n<ul>\n<li>\n<h3><span style=\"color: #333333;\">Guest Experiences, Elemento Diferenciador y Reputaci\u00f3n Web.<\/span><\/h3>\n<\/li>\n<\/ul>\n<p>\u00a0<\/p>\n<ul>\n<li>\n<h3><span style=\"color: #333333;\">Marketing 360, Formaci\u00f3n y Calidad.<\/span><\/h3>\n<\/li>\n<\/ul>\n<p>\u00a0<\/p>\n<ul>\n<li>\n<h3>Coach de l\u00edderes de equipo, gerentes y propietarios.<\/h3>\n<\/li>\n<\/ul>\n<p>\u00a0<\/p>\n<p>&#8211;<\/p>\n\n\n<h1 class=\"has-text-align-center wp-block-heading\"><strong><span style=\"color:#6a6d6e\" class=\"has-inline-color\">Visita nuestro Instagram<\/span><\/strong><\/h1>\n\n\n\n<p><span style=\"color:#ffffff\" class=\"has-inline-color\">.<\/span><\/p>\n\n\n\n<p class=\"has-text-align-center\"><strong><span style=\"color:#666869\" class=\"has-inline-color\">&#8212;&#8212;&#8212;<\/span><\/strong><\/p>\n\n\n<p class=\"cifgw-error\">Error validating application<\/p>","protected":false},"excerpt":{"rendered":"<p>Essential Gastronomy &#8211; Consultoria Gastron\u00f3mica especializada en Gesti\u00f3n Integral de negocios de Hosteleria<\/p>\n","protected":false},"author":1,"featured_media":0,"parent":0,"menu_order":1,"comment_status":"closed","ping_status":"closed","template":"templates\/full-width-page.php","meta":{"footnotes":""},"class_list":["post-145","page","type-page","status-publish","hentry"],"yoast_head":"<!-- This site is optimized with the Yoast SEO plugin v27.2 - https:\/\/yoast.com\/product\/yoast-seo-wordpress\/ -->\n<title>Essential Gastronomy - Consultor\u00eda Gastron\u00f3mica<\/title>\n<meta name=\"description\" content=\"Essential Gastronomy - Consultoria Gastron\u00f3mica especializada en Gesti\u00f3n Integral de negocios de Hosteleria\" \/>\n<meta name=\"robots\" content=\"index, follow, max-snippet:-1, max-image-preview:large, max-video-preview:-1\" \/>\n<link rel=\"canonical\" href=\"https:\/\/www.essentialgastronomy.com\/\" \/>\n<meta property=\"og:locale\" content=\"es_ES\" \/>\n<meta property=\"og:type\" content=\"article\" \/>\n<meta property=\"og:title\" content=\"Essential Gastronomy - Consultor\u00eda Gastron\u00f3mica\" \/>\n<meta property=\"og:description\" content=\"Essential Gastronomy - Consultoria Gastron\u00f3mica especializada en Gesti\u00f3n Integral de negocios de Hosteleria\" \/>\n<meta property=\"og:url\" content=\"https:\/\/www.essentialgastronomy.com\/\" \/>\n<meta property=\"og:site_name\" content=\"Essential Gastronomy\" \/>\n<meta property=\"article:modified_time\" content=\"2020-06-02T11:36:49+00:00\" \/>\n<script type=\"application\/ld+json\" class=\"yoast-schema-graph\">{\"@context\":\"https:\/\/schema.org\",\"@graph\":[{\"@type\":\"WebPage\",\"@id\":\"https:\/\/www.essentialgastronomy.com\/\",\"url\":\"https:\/\/www.essentialgastronomy.com\/\",\"name\":\"Essential Gastronomy - Consultor\u00eda Gastron\u00f3mica\",\"isPartOf\":{\"@id\":\"https:\/\/www.essentialgastronomy.com\/#website\"},\"datePublished\":\"2020-05-29T22:51:53+00:00\",\"dateModified\":\"2020-06-02T11:36:49+00:00\",\"description\":\"Essential Gastronomy - Consultoria Gastron\u00f3mica especializada en Gesti\u00f3n Integral de negocios de Hosteleria\",\"breadcrumb\":{\"@id\":\"https:\/\/www.essentialgastronomy.com\/#breadcrumb\"},\"inLanguage\":\"es\",\"potentialAction\":[{\"@type\":\"ReadAction\",\"target\":[\"https:\/\/www.essentialgastronomy.com\/\"]}]},{\"@type\":\"BreadcrumbList\",\"@id\":\"https:\/\/www.essentialgastronomy.com\/#breadcrumb\",\"itemListElement\":[{\"@type\":\"ListItem\",\"position\":1,\"name\":\"Portada\",\"item\":\"https:\/\/www.essentialgastronomy.com\/\"},{\"@type\":\"ListItem\",\"position\":2,\"name\":\"Essential Gastronomy\"}]},{\"@type\":\"WebSite\",\"@id\":\"https:\/\/www.essentialgastronomy.com\/#website\",\"url\":\"https:\/\/www.essentialgastronomy.com\/\",\"name\":\"Essential Gastronomy\",\"description\":\"Consultor&iacute;a Gastron&oacute;mica\",\"potentialAction\":[{\"@type\":\"SearchAction\",\"target\":{\"@type\":\"EntryPoint\",\"urlTemplate\":\"https:\/\/www.essentialgastronomy.com\/?s={search_term_string}\"},\"query-input\":{\"@type\":\"PropertyValueSpecification\",\"valueRequired\":true,\"valueName\":\"search_term_string\"}}],\"inLanguage\":\"es\"}]}<\/script>\n<!-- \/ Yoast SEO plugin. -->","yoast_head_json":{"title":"Essential Gastronomy - Consultor\u00eda Gastron\u00f3mica","description":"Essential Gastronomy - Consultoria Gastron\u00f3mica especializada en Gesti\u00f3n Integral de negocios de Hosteleria","robots":{"index":"index","follow":"follow","max-snippet":"max-snippet:-1","max-image-preview":"max-image-preview:large","max-video-preview":"max-video-preview:-1"},"canonical":"https:\/\/www.essentialgastronomy.com\/","og_locale":"es_ES","og_type":"article","og_title":"Essential Gastronomy - Consultor\u00eda Gastron\u00f3mica","og_description":"Essential Gastronomy - Consultoria Gastron\u00f3mica especializada en Gesti\u00f3n Integral de negocios de Hosteleria","og_url":"https:\/\/www.essentialgastronomy.com\/","og_site_name":"Essential Gastronomy","article_modified_time":"2020-06-02T11:36:49+00:00","schema":{"@context":"https:\/\/schema.org","@graph":[{"@type":"WebPage","@id":"https:\/\/www.essentialgastronomy.com\/","url":"https:\/\/www.essentialgastronomy.com\/","name":"Essential Gastronomy - Consultor\u00eda Gastron\u00f3mica","isPartOf":{"@id":"https:\/\/www.essentialgastronomy.com\/#website"},"datePublished":"2020-05-29T22:51:53+00:00","dateModified":"2020-06-02T11:36:49+00:00","description":"Essential Gastronomy - Consultoria Gastron\u00f3mica especializada en Gesti\u00f3n Integral de negocios de Hosteleria","breadcrumb":{"@id":"https:\/\/www.essentialgastronomy.com\/#breadcrumb"},"inLanguage":"es","potentialAction":[{"@type":"ReadAction","target":["https:\/\/www.essentialgastronomy.com\/"]}]},{"@type":"BreadcrumbList","@id":"https:\/\/www.essentialgastronomy.com\/#breadcrumb","itemListElement":[{"@type":"ListItem","position":1,"name":"Portada","item":"https:\/\/www.essentialgastronomy.com\/"},{"@type":"ListItem","position":2,"name":"Essential Gastronomy"}]},{"@type":"WebSite","@id":"https:\/\/www.essentialgastronomy.com\/#website","url":"https:\/\/www.essentialgastronomy.com\/","name":"Essential Gastronomy","description":"Consultor&iacute;a Gastron&oacute;mica","potentialAction":[{"@type":"SearchAction","target":{"@type":"EntryPoint","urlTemplate":"https:\/\/www.essentialgastronomy.com\/?s={search_term_string}"},"query-input":{"@type":"PropertyValueSpecification","valueRequired":true,"valueName":"search_term_string"}}],"inLanguage":"es"}]}},"_links":{"self":[{"href":"https:\/\/www.essentialgastronomy.com\/index.php\/wp-json\/wp\/v2\/pages\/145","targetHints":{"allow":["GET"]}}],"collection":[{"href":"https:\/\/www.essentialgastronomy.com\/index.php\/wp-json\/wp\/v2\/pages"}],"about":[{"href":"https:\/\/www.essentialgastronomy.com\/index.php\/wp-json\/wp\/v2\/types\/page"}],"author":[{"embeddable":true,"href":"https:\/\/www.essentialgastronomy.com\/index.php\/wp-json\/wp\/v2\/users\/1"}],"replies":[{"embeddable":true,"href":"https:\/\/www.essentialgastronomy.com\/index.php\/wp-json\/wp\/v2\/comments?post=145"}],"version-history":[{"count":25,"href":"https:\/\/www.essentialgastronomy.com\/index.php\/wp-json\/wp\/v2\/pages\/145\/revisions"}],"predecessor-version":[{"id":191,"href":"https:\/\/www.essentialgastronomy.com\/index.php\/wp-json\/wp\/v2\/pages\/145\/revisions\/191"}],"wp:attachment":[{"href":"https:\/\/www.essentialgastronomy.com\/index.php\/wp-json\/wp\/v2\/media?parent=145"}],"curies":[{"name":"wp","href":"https:\/\/api.w.org\/{rel}","templated":true}]}}